{"id":130,"date":"2026-02-18T08:44:45","date_gmt":"2026-02-18T05:44:45","guid":{"rendered":"https:\/\/fastexgeltunisie.com\/?page_id=130"},"modified":"2026-02-18T08:44:47","modified_gmt":"2026-02-18T05:44:47","slug":"fastex-gel-site-officiel-au-tunisie","status":"publish","type":"page","link":"https:\/\/fastexgeltunisie.com\/","title":{"rendered":"Fastex Gel Site Officiel Au Tunisie"},"content":{"rendered":"\n<div class=\"wp-block-columns is-layout-flex wp-container-core-columns-is-layout-9d6595d7 wp-block-columns-is-layout-flex\">\n<div class=\"wp-block-column is-layout-flow wp-block-column-is-layout-flow\">\n<figure class=\"wp-block-image size-full\"><span itemprop=\"image\" itemscope itemtype=\"https:\/\/schema.org\/ImageObject\"><img itemprop=\"url image\" loading=\"lazy\" decoding=\"async\" width=\"568\" height=\"310\" src=\"https:\/\/fastexgeltunisie.com\/wp-content\/uploads\/2026\/02\/screenshot_1.jpg\" alt=\"\" class=\"wp-image-131\" srcset=\"https:\/\/fastexgeltunisie.com\/wp-content\/uploads\/2026\/02\/screenshot_1.jpg 568w, https:\/\/fastexgeltunisie.com\/wp-content\/uploads\/2026\/02\/screenshot_1-300x164.jpg 300w\" sizes=\"auto, (max-width: 568px) 100vw, 568px\" \/><meta itemprop=\"width\" content=\"568\"><meta itemprop=\"height\" content=\"310\"><\/span><\/figure>\n<\/div>\n\n\n\n<div class=\"wp-block-column is-layout-flow wp-block-column-is-layout-flow\">\n<div class=\"price-zakazat\">Ancien prix <span class=\"cenado\">298<\/span> TND.<br \/>En vente<span class=\"tektsena\">129<\/span> TND.*<br \/><div class=\" hurrytimer-campaign hurryt-loading hurrytimer-campaign-18\" data-config=\"{&quot;id&quot;:18,&quot;run_in_background&quot;:false,&quot;sticky&quot;:false,&quot;product_ids&quot;:[],&quot;actions&quot;:[{&quot;id&quot;:1,&quot;redirectUrl&quot;:&quot;&quot;,&quot;message&quot;:&quot;&quot;,&quot;coupon&quot;:&quot;&quot;,&quot;wcStockStatus&quot;:&quot;instock&quot;}],&quot;template&quot;:&quot;&lt;div class=\\&quot;hurrytimer-timer-block \\&quot;&gt;&lt;div class=\\&quot;hurrytimer-timer-digit \\&quot;&gt;%I&lt;\\\/div&gt;&lt;div class=\\&quot;hurrytimer-timer-label \\&quot; &gt;hrs&lt;\\\/div&gt;&lt;\\\/div&gt;&lt;div class=\\&quot; hurrytimer-timer-sep\\&quot;&gt;:&lt;\\\/div&gt;&lt;div class=\\&quot;hurrytimer-timer-block \\&quot;&gt;&lt;div class=\\&quot;hurrytimer-timer-digit \\&quot;&gt;%M&lt;\\\/div&gt;&lt;div class=\\&quot;hurrytimer-timer-label \\&quot; &gt;mins&lt;\\\/div&gt;&lt;\\\/div&gt;&lt;div class=\\&quot; hurrytimer-timer-sep\\&quot;&gt;:&lt;\\\/div&gt;&lt;div class=\\&quot;hurrytimer-timer-block \\&quot;&gt;&lt;div class=\\&quot;hurrytimer-timer-digit \\&quot;&gt;%S&lt;\\\/div&gt;&lt;div class=\\&quot;hurrytimer-timer-label \\&quot; &gt;secs&lt;\\\/div&gt;&lt;\\\/div&gt;&quot;,&quot;methods&quot;:[1,2],&quot;mode&quot;:&quot;evergreen&quot;,&quot;sticky_bar_hide_timeout&quot;:7,&quot;isRegular&quot;:false,&quot;restart_duration&quot;:0,&quot;duration&quot;:3600,&quot;should_reset&quot;:false,&quot;reset_token&quot;:&quot;&quot;,&quot;restart&quot;:&quot;2&quot;,&quot;endDate&quot;:null,&quot;cookieName&quot;:&quot;_ht_CDT-18&quot;,&quot;reload_reset&quot;:false}\" ><div class=\" hurrytimer-headline\">Fin de la promotion:<\/div><div class=\" hurrytimer-timer\"><\/div><\/div><\/div>\n<div class=\"forma-zakaza\"><form id=\"orderly\" class=\"offername\" action=\"\" method=\"POST\"><input name=\"name\" required=\"\" type=\"text\" placeholder=\"Nom\" \/><input name=\"phone\" required=\"\" type=\"tel\" placeholder=\"T\u00e9l\u00e9phone\" \/><input name=\"offer_id\" type=\"hidden\" value=\"c711f88e-9e07-47b6-8d28-73a0c230eee0\" \/> <input name=\"stream\" type=\"hidden\" value=\"c711f88e-9e07-47b6-8d28-73a0c230eee0\" \/> <input name=\"country\" type=\"hidden\" value=\"TN\" \/><button class=\"btn-clculul\" type=\"submit\">Achetez en offre sp\u00e9ciale<\/button><\/form>\n<div class=\"textfor\">*prix promotionnel lors de l&rsquo;achat d&rsquo;un cours<\/div>\n<\/div>\n<\/div>\n<\/div>\n\n\n\n<p>Les articulations et les muscles sont sollicit\u00e9s quotidiennement, que ce soit lors d\u2019activit\u00e9s physiques, de longues p\u00e9riodes debout ou d\u2019efforts r\u00e9p\u00e9titifs. Avec le temps, des sensations d\u2019inconfort, de raideur ou de gonflement peuvent appara\u00eetre, limitant la mobilit\u00e9 et le confort au quotidien.<\/p>\n\n\n\n<p>Fastex Gel est un gel \u00e0 application externe con\u00e7u pour soutenir les articulations, favoriser la souplesse des tissus et contribuer au confort musculaire et articulaire en Tunisie.<\/p>\n\n\n\n<div class=\"button-wrapper\"><a class=\"promo-button btn btn-size-small fancybox\" href=\"#speaker\" target=\"_self\" rel=\"noopener\">Commandez maintenant<\/a><\/div>\n\n\n\n<h2 class=\"wp-block-heading\">Les principaux atouts de Fastex Gel<\/h2>\n\n\n\n<p>\u2618\ufe0f Contribue au soutien des tissus osseux et cartilagineux<br>\u2618\ufe0f Procure une sensation rapide de soulagement et de fra\u00eecheur<br>\u2618\ufe0f Accompagne le confort en cas de raideur articulaire<br>\u2618\ufe0f Soutient les ligaments en cas d\u2019effort ou de tension<br>\u2618\ufe0f Aide \u00e0 prot\u00e9ger et maintenir la mobilit\u00e9 des articulations<br>\u2618\ufe0f Contribue \u00e0 am\u00e9liorer la circulation locale<br>\u2618\ufe0f Favorise une sensation de l\u00e9g\u00e8ret\u00e9 et am\u00e9liore l\u2019aspect des jambes<\/p>\n\n\n\n<p>Sa formule unique p\u00e9n\u00e8tre rapidement sous la peau et procure une sensation de confort durable.<\/p>\n\n\n\n<figure class=\"wp-block-image size-large\"><span itemprop=\"image\" itemscope itemtype=\"https:\/\/schema.org\/ImageObject\"><img itemprop=\"url image\" loading=\"lazy\" decoding=\"async\" width=\"1024\" height=\"500\" src=\"https:\/\/fastexgeltunisie.com\/wp-content\/uploads\/2026\/02\/screenshot_2-1024x500.jpg\" alt=\"\" class=\"wp-image-132\" srcset=\"https:\/\/fastexgeltunisie.com\/wp-content\/uploads\/2026\/02\/screenshot_2-1024x500.jpg 1024w, https:\/\/fastexgeltunisie.com\/wp-content\/uploads\/2026\/02\/screenshot_2-300x146.jpg 300w, https:\/\/fastexgeltunisie.com\/wp-content\/uploads\/2026\/02\/screenshot_2-768x375.jpg 768w, https:\/\/fastexgeltunisie.com\/wp-content\/uploads\/2026\/02\/screenshot_2-819x400.jpg 819w, https:\/\/fastexgeltunisie.com\/wp-content\/uploads\/2026\/02\/screenshot_2.jpg 1393w\" sizes=\"auto, (max-width: 1024px) 100vw, 1024px\" \/><meta itemprop=\"width\" content=\"1024\"><meta itemprop=\"height\" content=\"500\"><\/span><\/figure>\n\n\n\n<h2 class=\"wp-block-heading\">Pour qui est recommand\u00e9 Fastex Gel ?<\/h2>\n\n\n\n<p>Fastex Gel convient :<\/p>\n\n\n\n<ul class=\"wp-block-list\">\n<li>Aux personnes ressentant des douleurs articulaires ou musculaires<\/li>\n\n\n\n<li>Aux individus actifs et sportifs<\/li>\n\n\n\n<li>En cas de tension, d\u2019\u00e9longation ou de g\u00eane ligamentaire<\/li>\n\n\n\n<li>Pour soutenir la mobilit\u00e9 au quotidien<\/li>\n\n\n\n<li>Pour accompagner les sensations de jambes fatigu\u00e9es<\/li>\n<\/ul>\n\n\n\n<div class=\"button-wrapper\"><a class=\"promo-button btn btn-size-small fancybox\" href=\"#speaker\" target=\"_self\" rel=\"noopener\">Commandez maintenant<\/a><\/div>\n\n\n\n<h2 class=\"wp-block-heading\">Comment agit Fastex Gel ?<\/h2>\n\n\n\n<p>La formule agit de mani\u00e8re cibl\u00e9e gr\u00e2ce \u00e0 une combinaison d\u2019ingr\u00e9dients s\u00e9lectionn\u00e9s :<\/p>\n\n\n\n<h3 class=\"wp-block-heading\">1. Effet apaisant imm\u00e9diat<\/h3>\n\n\n\n<p>Le menthol et le camphre procurent une sensation de fra\u00eecheur et contribuent \u00e0 r\u00e9duire l\u2019inconfort.<\/p>\n\n\n\n<h3 class=\"wp-block-heading\">2. Soutien des tissus<\/h3>\n\n\n\n<p>L\u2019extrait d\u2019Aloe Vera aide \u00e0 maintenir l\u2019hydratation et l\u2019\u00e9lasticit\u00e9 de la peau et des tissus sous-jacents.<\/p>\n\n\n\n<h3 class=\"wp-block-heading\">3. Am\u00e9lioration de la circulation<\/h3>\n\n\n\n<p>Le m\u00e9thyl salicylate (huile de gaulth\u00e9rie) contribue \u00e0 stimuler la microcirculation locale.<\/p>\n\n\n\n<h3 class=\"wp-block-heading\">4. Protection et stabilit\u00e9<\/h3>\n\n\n\n<p>Les composants de base assurent une p\u00e9n\u00e9tration rapide et une action prolong\u00e9e pouvant durer jusqu\u2019\u00e0 12 heures.<\/p>\n\n\n\n<blockquote class=\"wp-block-quote is-layout-flow wp-block-quote-is-layout-flow\">\n<p>\u00ab Les gels topiques associant menthol, camphre et extraits v\u00e9g\u00e9taux peuvent accompagner le confort articulaire lorsqu\u2019ils sont appliqu\u00e9s r\u00e9guli\u00e8rement. \u00bb<br>\u2014 Dr. Laurent Meyer, sp\u00e9cialiste en physiologie du mouvement (France)<\/p>\n<\/blockquote>\n\n\n\n<figure class=\"wp-block-image size-large\"><span itemprop=\"image\" itemscope itemtype=\"https:\/\/schema.org\/ImageObject\"><img itemprop=\"url image\" loading=\"lazy\" decoding=\"async\" width=\"1024\" height=\"496\" src=\"https:\/\/fastexgeltunisie.com\/wp-content\/uploads\/2026\/02\/screenshot_3-1024x496.jpg\" alt=\"\" class=\"wp-image-133\" srcset=\"https:\/\/fastexgeltunisie.com\/wp-content\/uploads\/2026\/02\/screenshot_3-1024x496.jpg 1024w, https:\/\/fastexgeltunisie.com\/wp-content\/uploads\/2026\/02\/screenshot_3-300x145.jpg 300w, https:\/\/fastexgeltunisie.com\/wp-content\/uploads\/2026\/02\/screenshot_3-768x372.jpg 768w, https:\/\/fastexgeltunisie.com\/wp-content\/uploads\/2026\/02\/screenshot_3-826x400.jpg 826w, https:\/\/fastexgeltunisie.com\/wp-content\/uploads\/2026\/02\/screenshot_3.jpg 1292w\" sizes=\"auto, (max-width: 1024px) 100vw, 1024px\" \/><meta itemprop=\"width\" content=\"1024\"><meta itemprop=\"height\" content=\"496\"><\/span><\/figure>\n\n\n\n<h2 class=\"wp-block-heading\">Composition d\u00e9taill\u00e9e<\/h2>\n\n\n\n<ul class=\"wp-block-list\">\n<li>Aqua \u2013 81,50 %<\/li>\n\n\n\n<li>Carbomer \u2013 1,50 %<\/li>\n\n\n\n<li>Monopropylenglycole \u2013 2,00 %<\/li>\n\n\n\n<li>Disodium EDTA \u2013 0,50 %<\/li>\n\n\n\n<li>Extrait d\u2019Aloe Vera \u2013 5,00 %<\/li>\n\n\n\n<li>Alcool \u2013 3,00 %<\/li>\n\n\n\n<li>Menthol \u2013 2,00 %<\/li>\n\n\n\n<li>Camphre \u2013 1,00 %<\/li>\n\n\n\n<li>Methyl Salicylate (huile de gaulth\u00e9rie) \u2013 2,00 %<\/li>\n\n\n\n<li>Phenylpropanol (and) Propylene Glycol (and) Methylisothiazolinone \u2013 1,00 %<\/li>\n\n\n\n<li>Acide citrique \u2013 0,5 %<\/li>\n<\/ul>\n\n\n\n<p>Cette combinaison assure une texture agr\u00e9able, une absorption rapide et une action prolong\u00e9e.<\/p>\n\n\n\n<div class=\"button-wrapper\"><a class=\"promo-button btn btn-size-small fancybox\" href=\"#speaker\" target=\"_self\" rel=\"noopener\">Commandez maintenant<\/a><\/div>\n\n\n\n<h2 class=\"wp-block-heading\">Mode d\u2019emploi<\/h2>\n\n\n\n<ul class=\"wp-block-list\">\n<li>Appliquer 2 fois par jour (matin et soir)<\/li>\n\n\n\n<li>Sur une peau propre et s\u00e8che<\/li>\n\n\n\n<li>Masser jusqu\u2019\u00e0 absorption compl\u00e8te<\/li>\n<\/ul>\n\n\n\n<p>Le gel peut agir jusqu\u2019\u00e0 12 heures et pr\u00e9sente un effet cumulatif.<\/p>\n\n\n\n<p>Dur\u00e9e recommand\u00e9e : jusqu\u2019\u00e0 6 semaines pour un soutien optimal.<\/p>\n\n\n\n<h2 class=\"wp-block-heading\">Disponibilit\u00e9 en Tunisie<\/h2>\n\n\n\n<p>Fastex Gel est disponible exclusivement via le site officiel.<\/p>\n\n\n\n<p>Il n\u2019est pas vendu en pharmacie ni dans les magasins physiques \u00e0 Tunis, Sfax, Sousse, Kairouan ou Bizerte.<\/p>\n\n\n\n<figure class=\"wp-block-image size-large\"><span itemprop=\"image\" itemscope itemtype=\"https:\/\/schema.org\/ImageObject\"><img itemprop=\"url image\" loading=\"lazy\" decoding=\"async\" width=\"1024\" height=\"494\" src=\"https:\/\/fastexgeltunisie.com\/wp-content\/uploads\/2026\/02\/screenshot_4-1024x494.jpg\" alt=\"\" class=\"wp-image-134\" srcset=\"https:\/\/fastexgeltunisie.com\/wp-content\/uploads\/2026\/02\/screenshot_4-1024x494.jpg 1024w, https:\/\/fastexgeltunisie.com\/wp-content\/uploads\/2026\/02\/screenshot_4-300x145.jpg 300w, https:\/\/fastexgeltunisie.com\/wp-content\/uploads\/2026\/02\/screenshot_4-768x370.jpg 768w, https:\/\/fastexgeltunisie.com\/wp-content\/uploads\/2026\/02\/screenshot_4-829x400.jpg 829w, https:\/\/fastexgeltunisie.com\/wp-content\/uploads\/2026\/02\/screenshot_4.jpg 1443w\" sizes=\"auto, (max-width: 1024px) 100vw, 1024px\" \/><meta itemprop=\"width\" content=\"1024\"><meta itemprop=\"height\" content=\"494\"><\/span><\/figure>\n\n\n\n<h3 class=\"wp-block-heading\">Avantages de la commande en ligne :<\/h3>\n\n\n\n<ul class=\"wp-block-list\">\n<li>Produit original garanti<\/li>\n\n\n\n<li>Livraison rapide dans toute la Tunisie<\/li>\n\n\n\n<li>Paiement \u00e0 la livraison<\/li>\n\n\n\n<li>Assistance lors de la confirmation de commande<\/li>\n<\/ul>\n\n\n\n<div class=\"button-wrapper\"><a class=\"promo-button btn btn-size-small fancybox\" href=\"#speaker\" target=\"_self\" rel=\"noopener\">Commandez maintenant<\/a><\/div>\n\n\n\n<h2 class=\"wp-block-heading\">Information importante<\/h2>\n\n\n\n<p>Fastex Gel est un produit cosm\u00e9tique \u00e0 usage externe.<br>Il n\u2019est pas destin\u00e9 \u00e0 diagnostiquer, traiter, gu\u00e9rir ou pr\u00e9venir une maladie.<br>\u00c9viter le contact avec les yeux et les muqueuses.<\/p>\n\n\n\n<p>Fastex Gel est un gel topique con\u00e7u pour accompagner le confort articulaire et musculaire en Tunisie, gr\u00e2ce \u00e0 une formule \u00e9quilibr\u00e9e favorisant la mobilit\u00e9 et la sensation de l\u00e9g\u00e8ret\u00e9 au quotidien.<\/p>\n","protected":false},"excerpt":{"rendered":"<p>Ancien prix 298 TND.En vente129 TND.* Achetez en offre sp\u00e9ciale *prix promotionnel lors de l&rsquo;achat d&rsquo;un cours Les articulations et les muscles sont sollicit\u00e9s quotidiennement, que ce soit lors d\u2019activit\u00e9s physiques, de longues p\u00e9riodes debout ou d\u2019efforts r\u00e9p\u00e9titifs. Avec le temps, des sensations d\u2019inconfort, de raideur ou de gonflement peuvent appara\u00eetre, limitant la mobilit\u00e9 et [&hellip;]<\/p>\n","protected":false},"author":1,"featured_media":0,"parent":0,"menu_order":0,"comment_status":"closed","ping_status":"closed","template":"","meta":{"footnotes":""},"class_list":["post-130","page","type-page","status-publish",""],"_links":{"self":[{"href":"https:\/\/fastexgeltunisie.com\/index.php?rest_route=\/wp\/v2\/pages\/130","targetHints":{"allow":["GET"]}}],"collection":[{"href":"https:\/\/fastexgeltunisie.com\/index.php?rest_route=\/wp\/v2\/pages"}],"about":[{"href":"https:\/\/fastexgeltunisie.com\/index.php?rest_route=\/wp\/v2\/types\/page"}],"author":[{"embeddable":true,"href":"https:\/\/fastexgeltunisie.com\/index.php?rest_route=\/wp\/v2\/users\/1"}],"replies":[{"embeddable":true,"href":"https:\/\/fastexgeltunisie.com\/index.php?rest_route=%2Fwp%2Fv2%2Fcomments&post=130"}],"version-history":[{"count":1,"href":"https:\/\/fastexgeltunisie.com\/index.php?rest_route=\/wp\/v2\/pages\/130\/revisions"}],"predecessor-version":[{"id":135,"href":"https:\/\/fastexgeltunisie.com\/index.php?rest_route=\/wp\/v2\/pages\/130\/revisions\/135"}],"wp:attachment":[{"href":"https:\/\/fastexgeltunisie.com\/index.php?rest_route=%2Fwp%2Fv2%2Fmedia&parent=130"}],"curies":[{"name":"wp","href":"https:\/\/api.w.org\/{rel}","templated":true}]}}